{"id":3794,"date":"2025-09-07T22:05:54","date_gmt":"2025-09-07T20:05:54","guid":{"rendered":"https:\/\/tingeo.desarrollotrevenque.com\/materials\/"},"modified":"2025-09-08T23:08:47","modified_gmt":"2025-09-08T21:08:47","slug":"materials","status":"publish","type":"page","link":"https:\/\/www.tingeo.com\/en\/materials\/","title":{"rendered":"Materials"},"content":{"rendered":"\t\t<div data-elementor-type=\"wp-page\" data-elementor-id=\"3794\" class=\"elementor elementor-3794 elementor-3774\" data-elementor-settings=\"{&quot;element_pack_global_tooltip_width&quot;:{&quot;unit&quot;:&quot;px&quot;,&quot;size&quot;:&quot;&quot;,&quot;sizes&quot;:[]},&quot;element_pack_global_tooltip_width_tablet&quot;:{&quot;unit&quot;:&quot;px&quot;,&quot;size&quot;:&quot;&quot;,&quot;sizes&quot;:[]},&quot;element_pack_global_tooltip_width_mobile&quot;:{&quot;unit&quot;:&quot;px&quot;,&quot;size&quot;:&quot;&quot;,&quot;sizes&quot;:[]},&quot;element_pack_global_tooltip_padding&quot;:{&quot;unit&quot;:&quot;px&quot;,&quot;top&quot;:&quot;&quot;,&quot;right&quot;:&quot;&quot;,&quot;bottom&quot;:&quot;&quot;,&quot;left&quot;:&quot;&quot;,&quot;isLinked&quot;:true},&quot;element_pack_global_tooltip_padding_tablet&quot;:{&quot;unit&quot;:&quot;px&quot;,&quot;top&quot;:&quot;&quot;,&quot;right&quot;:&quot;&quot;,&quot;bottom&quot;:&quot;&quot;,&quot;left&quot;:&quot;&quot;,&quot;isLinked&quot;:true},&quot;element_pack_global_tooltip_padding_mobile&quot;:{&quot;unit&quot;:&quot;px&quot;,&quot;top&quot;:&quot;&quot;,&quot;right&quot;:&quot;&quot;,&quot;bottom&quot;:&quot;&quot;,&quot;left&quot;:&quot;&quot;,&quot;isLinked&quot;:true},&quot;element_pack_global_tooltip_border_radius&quot;:{&quot;unit&quot;:&quot;px&quot;,&quot;top&quot;:&quot;&quot;,&quot;right&quot;:&quot;&quot;,&quot;bottom&quot;:&quot;&quot;,&quot;left&quot;:&quot;&quot;,&quot;isLinked&quot;:true},&quot;element_pack_global_tooltip_border_radius_tablet&quot;:{&quot;unit&quot;:&quot;px&quot;,&quot;top&quot;:&quot;&quot;,&quot;right&quot;:&quot;&quot;,&quot;bottom&quot;:&quot;&quot;,&quot;left&quot;:&quot;&quot;,&quot;isLinked&quot;:true},&quot;element_pack_global_tooltip_border_radius_mobile&quot;:{&quot;unit&quot;:&quot;px&quot;,&quot;top&quot;:&quot;&quot;,&quot;right&quot;:&quot;&quot;,&quot;bottom&quot;:&quot;&quot;,&quot;left&quot;:&quot;&quot;,&quot;isLinked&quot;:true}}\">\n\t\t\t\t<div class=\"elementor-element elementor-element-e871b8c e-flex e-con-boxed e-con e-parent\" data-id=\"e871b8c\" data-element_type=\"container\" data-e-type=\"container\">\n\t\t\t\t\t<div class=\"e-con-inner\">\n\t\t<div class=\"elementor-element elementor-element-0a4a41f e-con-full e-flex e-con e-child\" data-id=\"0a4a41f\" data-element_type=\"container\" data-e-type=\"container\" data-settings=\"{&quot;background_background&quot;:&quot;classic&quot;}\">\n\t\t<div class=\"elementor-element elementor-element-046715c e-con-full e-flex e-con e-child\" data-id=\"046715c\" data-element_type=\"container\" data-e-type=\"container\">\n\t\t<div class=\"elementor-element elementor-element-fa4eafe e-con-full e-flex e-con e-child\" data-id=\"fa4eafe\" data-element_type=\"container\" data-e-type=\"container\">\n\t\t\t\t<div class=\"elementor-element elementor-element-d368325 elementor-widget__width-inherit elementor-invisible elementor-widget elementor-widget-text-editor\" data-id=\"d368325\" data-element_type=\"widget\" data-e-type=\"widget\" data-settings=\"{&quot;_animation_delay&quot;:500,&quot;_animation&quot;:&quot;fadeInUp&quot;}\" data-widget_type=\"text-editor.default\">\n\t\t\t\t\t\t\t\t\t<p>At TINGEO, we offer a wide range of next-generation geosynthetic materials, essential for building secure containment systems. From geomembranes to geotextiles and geocomposites, each product is carefully selected to ensure maximum efficiency, durability, and adaptability to the specific needs of every project. <\/p>\t\t\t\t\t\t\t\t<\/div>\n\t\t\t\t<\/div>\n\t\t<div class=\"elementor-element elementor-element-57be5bc e-con-full e-flex e-con e-child\" data-id=\"57be5bc\" data-element_type=\"container\" data-e-type=\"container\" data-settings=\"{&quot;background_background&quot;:&quot;classic&quot;}\">\n\t\t\t\t<div class=\"elementor-element elementor-element-8660287 ui-e-apg-split ui-e-img-anim-zoom elementor-widget elementor-widget-uicore-advanced-post-grid woocommerce elementor-widget-uicore-advanced-post-grid\" data-id=\"8660287\" data-element_type=\"widget\" data-e-type=\"widget\" data-settings=\"{&quot;pagination_type&quot;:&quot;numbers&quot;}\" data-widget_type=\"uicore-advanced-post-grid.default\">\n\t\t\t\t\t            <div class=\"ui-e-adv-grid \">\n                \n                <div class=\"ui-e-post-item ui-e-item ui-e-animations-wrp  \">\n                    <article class=\"post-3802 materiales type-materiales status-publish has-post-thumbnail hentry\">\n                        <div class=\"ui-e-post-top\">\n                                    <a class=\"ui-e-post-img-wrapp\"\n            href=\"https:\/\/www.tingeo.com\/en\/materials\/smooth-geomembranes-hdpe-lldpe-vldpe-and-pp\/\"\n            title=\"View Post:Smooth geomembranes: HDPE, LLDPE, VLDPE and PP\">\n\n                            <div class=\"ui-e-post-img\" style=\"background-image:url(https:\/\/www.tingeo.com\/wp-content\/uploads\/2019\/10\/ATARFIL-LLD-Large-1.jpg)\"><\/div>\n                    <\/a>\n                                                        <\/div>\n\n                        \n                        <div class=\"ui-e-post-content\">\n\n                                                                <a href=\"https:\/\/www.tingeo.com\/en\/materials\/smooth-geomembranes-hdpe-lldpe-vldpe-and-pp\/\" title=\"View Post:Smooth geomembranes: HDPE, LLDPE, VLDPE and PP\">\n            <h4 class=\"ui-e-post-title\">\n                <span> Smooth geomembranes: HDPE, LLDPE, VLDPE and PP <\/span>\n            <\/h4>\n        <\/a>\n                                                            <div class=\"ui-e-post-text\">Impermeable polymeric sheets constitute the most significant group within geosynthetics. Produced from polyolefins (high density polyethylene -HDPE, low density polyethylene&hellip;<\/div>                                                                                <\/div>\n                    <\/article>\n                <\/div>\n\n                \n                <div class=\"ui-e-post-item ui-e-item ui-e-animations-wrp  \">\n                    <article class=\"post-3804 materiales type-materiales status-publish has-post-thumbnail hentry\">\n                        <div class=\"ui-e-post-top\">\n                                    <a class=\"ui-e-post-img-wrapp\"\n            href=\"https:\/\/www.tingeo.com\/en\/materials\/textured-geomembranes\/\"\n            title=\"View Post:Textured Geomembranes\">\n\n                            <div class=\"ui-e-post-img\" style=\"background-image:url(https:\/\/www.tingeo.com\/wp-content\/uploads\/2019\/10\/geomembrana-rugosa-1.jpg)\"><\/div>\n                    <\/a>\n                                                        <\/div>\n\n                        \n                        <div class=\"ui-e-post-content\">\n\n                                                                <a href=\"https:\/\/www.tingeo.com\/en\/materials\/textured-geomembranes\/\" title=\"View Post:Textured Geomembranes\">\n            <h4 class=\"ui-e-post-title\">\n                <span> Textured Geomembranes <\/span>\n            <\/h4>\n        <\/a>\n                                                            <div class=\"ui-e-post-text\">The textured Geomembranes are composed of the same materials as the smooth ones, adding a rough surface with a textured&hellip;<\/div>                                                                                <\/div>\n                    <\/article>\n                <\/div>\n\n                \n                <div class=\"ui-e-post-item ui-e-item ui-e-animations-wrp  \">\n                    <article class=\"post-3805 materiales type-materiales status-publish has-post-thumbnail hentry\">\n                        <div class=\"ui-e-post-top\">\n                                    <a class=\"ui-e-post-img-wrapp\"\n            href=\"https:\/\/www.tingeo.com\/en\/materials\/woven-geotextiles\/\"\n            title=\"View Post:Woven Geotextiles\">\n\n                            <div class=\"ui-e-post-img\" style=\"background-image:url(https:\/\/www.tingeo.com\/wp-content\/uploads\/2019\/10\/GEODRAIN-b.jpg)\"><\/div>\n                    <\/a>\n                                                        <\/div>\n\n                        \n                        <div class=\"ui-e-post-content\">\n\n                                                                <a href=\"https:\/\/www.tingeo.com\/en\/materials\/woven-geotextiles\/\" title=\"View Post:Woven Geotextiles\">\n            <h4 class=\"ui-e-post-title\">\n                <span> Woven Geotextiles <\/span>\n            <\/h4>\n        <\/a>\n                                                            <div class=\"ui-e-post-text\">It is a permeable flat textile material of appreciated deformability, formed by polymeric fibers (polypropylene, polyester or polyamides). Thanks to&hellip;<\/div>                                                                                <\/div>\n                    <\/article>\n                <\/div>\n\n                \n                <div class=\"ui-e-post-item ui-e-item ui-e-animations-wrp  \">\n                    <article class=\"post-3806 materiales type-materiales status-publish has-post-thumbnail hentry\">\n                        <div class=\"ui-e-post-top\">\n                                    <a class=\"ui-e-post-img-wrapp\"\n            href=\"https:\/\/www.tingeo.com\/en\/materials\/nonwoven-geotextiles\/\"\n            title=\"View Post:Nonwoven Geotextiles\">\n\n                            <div class=\"ui-e-post-img\" style=\"background-image:url(https:\/\/www.tingeo.com\/wp-content\/uploads\/2019\/10\/GEOTEXTIL-NO-TEJIDO.png)\"><\/div>\n                    <\/a>\n                                                        <\/div>\n\n                        \n                        <div class=\"ui-e-post-content\">\n\n                                                                <a href=\"https:\/\/www.tingeo.com\/en\/materials\/nonwoven-geotextiles\/\" title=\"View Post:Nonwoven Geotextiles\">\n            <h4 class=\"ui-e-post-title\">\n                <span> Nonwoven Geotextiles <\/span>\n            <\/h4>\n        <\/a>\n                                                            <div class=\"ui-e-post-text\">Nonwoven geotextiles obtained by punching (needling) of staple fibres for protection, filtration or separation, drainage or reinforcement applications. They form&hellip;<\/div>                                                                                <\/div>\n                    <\/article>\n                <\/div>\n\n                \n                <div class=\"ui-e-post-item ui-e-item ui-e-animations-wrp  \">\n                    <article class=\"post-3807 materiales type-materiales status-publish has-post-thumbnail hentry\">\n                        <div class=\"ui-e-post-top\">\n                                    <a class=\"ui-e-post-img-wrapp\"\n            href=\"https:\/\/www.tingeo.com\/en\/materials\/bentonite-geocomposites\/\"\n            title=\"View Post:Bentonite Geocomposites\">\n\n                            <div class=\"ui-e-post-img\" style=\"background-image:url(https:\/\/www.tingeo.com\/wp-content\/uploads\/2019\/10\/BENTONITA.png)\"><\/div>\n                    <\/a>\n                                                        <\/div>\n\n                        \n                        <div class=\"ui-e-post-content\">\n\n                                                                <a href=\"https:\/\/www.tingeo.com\/en\/materials\/bentonite-geocomposites\/\" title=\"View Post:Bentonite Geocomposites\">\n            <h4 class=\"ui-e-post-title\">\n                <span> Bentonite Geocomposites <\/span>\n            <\/h4>\n        <\/a>\n                                                            <div class=\"ui-e-post-text\">Waterproofing geocomposite that integrates a mixture of sodium bentonite between two geotextiles, one inferior \u201csupport\u201d and the other superior \u201cconfining\u201d,&hellip;<\/div>                                                                                <\/div>\n                    <\/article>\n                <\/div>\n\n                \n                <div class=\"ui-e-post-item ui-e-item ui-e-animations-wrp  \">\n                    <article class=\"post-3808 materiales type-materiales status-publish has-post-thumbnail hentry\">\n                        <div class=\"ui-e-post-top\">\n                                    <a class=\"ui-e-post-img-wrapp\"\n            href=\"https:\/\/www.tingeo.com\/en\/materials\/drainage-geocomposite\/\"\n            title=\"View Post:Drainage Geocomposite\">\n\n                            <div class=\"ui-e-post-img\" style=\"background-image:url(https:\/\/www.tingeo.com\/wp-content\/uploads\/2019\/10\/GEOCOMPUESTO-DRENANTE-2.jpg)\"><\/div>\n                    <\/a>\n                                                        <\/div>\n\n                        \n                        <div class=\"ui-e-post-content\">\n\n                                                                <a href=\"https:\/\/www.tingeo.com\/en\/materials\/drainage-geocomposite\/\" title=\"View Post:Drainage Geocomposite\">\n            <h4 class=\"ui-e-post-title\">\n                <span> Drainage Geocomposite <\/span>\n            <\/h4>\n        <\/a>\n                                                            <div class=\"ui-e-post-text\">It is a geocomposite that allows capturing, conducting and evacuating the fluids, in a fast and efficient wayincrementing the performances&hellip;<\/div>                                                                                <\/div>\n                    <\/article>\n                <\/div>\n\n                \n                <div class=\"ui-e-post-item ui-e-item ui-e-animations-wrp  \">\n                    <article class=\"post-3809 materiales type-materiales status-publish has-post-thumbnail hentry\">\n                        <div class=\"ui-e-post-top\">\n                                    <a class=\"ui-e-post-img-wrapp\"\n            href=\"https:\/\/www.tingeo.com\/en\/materials\/geogrids\/\"\n            title=\"View Post:Geogrids\">\n\n                            <div class=\"ui-e-post-img\" style=\"background-image:url(https:\/\/www.tingeo.com\/wp-content\/uploads\/2019\/10\/GEOMALLA.png)\"><\/div>\n                    <\/a>\n                                                        <\/div>\n\n                        \n                        <div class=\"ui-e-post-content\">\n\n                                                                <a href=\"https:\/\/www.tingeo.com\/en\/materials\/geogrids\/\" title=\"View Post:Geogrids\">\n            <h4 class=\"ui-e-post-title\">\n                <span> Geogrids <\/span>\n            <\/h4>\n        <\/a>\n                                                            <div class=\"ui-e-post-text\">Polymeric structure made up of bundles of fibres or bands arranged in a regular open structure, protected or not against&hellip;<\/div>                                                                                <\/div>\n                    <\/article>\n                <\/div>\n\n                \n                <div class=\"ui-e-post-item ui-e-item ui-e-animations-wrp  \">\n                    <article class=\"post-3810 materiales type-materiales status-publish has-post-thumbnail hentry\">\n                        <div class=\"ui-e-post-top\">\n                                    <a class=\"ui-e-post-img-wrapp\"\n            href=\"https:\/\/www.tingeo.com\/en\/materials\/geocells\/\"\n            title=\"View Post:Geocells\">\n\n                            <div class=\"ui-e-post-img\" style=\"background-image:url(https:\/\/www.tingeo.com\/wp-content\/uploads\/2019\/10\/GEOCELDA.jpg)\"><\/div>\n                    <\/a>\n                                                        <\/div>\n\n                        \n                        <div class=\"ui-e-post-content\">\n\n                                                                <a href=\"https:\/\/www.tingeo.com\/en\/materials\/geocells\/\" title=\"View Post:Geocells\">\n            <h4 class=\"ui-e-post-title\">\n                <span> Geocells <\/span>\n            <\/h4>\n        <\/a>\n                                                            <div class=\"ui-e-post-text\">Polyethylene geocells have a high resistance to traction and peeling. They are used in contact with the ground and\/or other&hellip;<\/div>                                                                                <\/div>\n                    <\/article>\n                <\/div>\n\n                \n                <div class=\"ui-e-post-item ui-e-item ui-e-animations-wrp  \">\n                    <article class=\"post-3811 materiales type-materiales status-publish has-post-thumbnail hentry\">\n                        <div class=\"ui-e-post-top\">\n                                    <a class=\"ui-e-post-img-wrapp\"\n            href=\"https:\/\/www.tingeo.com\/en\/materials\/organic-blanket\/\"\n            title=\"View Post:Organic Blanket\">\n\n                            <div class=\"ui-e-post-img\" style=\"background-image:url(https:\/\/www.tingeo.com\/wp-content\/uploads\/2019\/10\/Manta-Organica.jpg)\"><\/div>\n                    <\/a>\n                                                        <\/div>\n\n                        \n                        <div class=\"ui-e-post-content\">\n\n                                                                <a href=\"https:\/\/www.tingeo.com\/en\/materials\/organic-blanket\/\" title=\"View Post:Organic Blanket\">\n            <h4 class=\"ui-e-post-title\">\n                <span> Organic Blanket <\/span>\n            <\/h4>\n        <\/a>\n                                                            <div class=\"ui-e-post-text\">Geomats are mainly used in slope erosion control. They are permeable structures based on fibers that allow the placement and&hellip;<\/div>                                                                                <\/div>\n                    <\/article>\n                <\/div>\n\n                            <\/div>\n\t\t\t\t<\/div>\n\t\t\t\t<\/div>\n\t\t\t\t<\/div>\n\t\t\t\t<\/div>\n\t\t\t\t\t<\/div>\n\t\t\t\t<\/div>\n\t\t\t\t<\/div>\n\t\t","protected":false},"excerpt":{"rendered":"<p>At TINGEO, we offer a wide range of next-generation geosynthetic materials, essential for building secure containment systems. From geomembranes to geotextiles and [&hellip;]<\/p>\n","protected":false},"author":9,"featured_media":3409,"parent":0,"menu_order":0,"comment_status":"closed","ping_status":"closed","template":"","meta":{"_acf_changed":false,"footnotes":""},"class_list":["post-3794","page","type-page","status-publish","has-post-thumbnail","hentry"],"acf":[],"yoast_head":"<!-- This site is optimized with the Yoast SEO plugin v27.2 - https:\/\/yoast.com\/product\/yoast-seo-wordpress\/ -->\n<title>Materials - Tingeo<\/title>\n<meta name=\"robots\" content=\"index, follow, max-snippet:-1, max-image-preview:large, max-video-preview:-1\" \/>\n<link rel=\"canonical\" href=\"https:\/\/www.tingeo.com\/en\/materials\/\" \/>\n<meta property=\"og:locale\" content=\"en_US\" \/>\n<meta property=\"og:type\" content=\"article\" \/>\n<meta property=\"og:title\" content=\"Materials - Tingeo\" \/>\n<meta property=\"og:description\" content=\"At TINGEO, we offer a wide range of next-generation geosynthetic materials, essential for building secure containment systems. From geomembranes to geotextiles and [&hellip;]\" \/>\n<meta property=\"og:url\" content=\"https:\/\/www.tingeo.com\/en\/materials\/\" \/>\n<meta property=\"og:site_name\" content=\"Tingeo\" \/>\n<meta property=\"article:modified_time\" content=\"2025-09-08T21:08:47+00:00\" \/>\n<meta property=\"og:image\" content=\"https:\/\/www.tingeo.com\/wp-content\/uploads\/2025\/09\/Galeria-6.jpg\" \/>\n\t<meta property=\"og:image:width\" content=\"1024\" \/>\n\t<meta property=\"og:image:height\" content=\"683\" \/>\n\t<meta property=\"og:image:type\" content=\"image\/jpeg\" \/>\n<meta name=\"twitter:card\" content=\"summary_large_image\" \/>\n<meta name=\"twitter:label1\" content=\"Est. reading time\" \/>\n\t<meta name=\"twitter:data1\" content=\"1 minute\" \/>\n<script type=\"application\/ld+json\" class=\"yoast-schema-graph\">{\"@context\":\"https:\/\/schema.org\",\"@graph\":[{\"@type\":\"WebPage\",\"@id\":\"https:\/\/www.tingeo.com\/en\/materials\/\",\"url\":\"https:\/\/www.tingeo.com\/en\/materials\/\",\"name\":\"Materials - Tingeo\",\"isPartOf\":{\"@id\":\"https:\/\/www.tingeo.com\/en\/#website\"},\"primaryImageOfPage\":{\"@id\":\"https:\/\/www.tingeo.com\/en\/materials\/#primaryimage\"},\"image\":{\"@id\":\"https:\/\/www.tingeo.com\/en\/materials\/#primaryimage\"},\"thumbnailUrl\":\"https:\/\/www.tingeo.com\/wp-content\/uploads\/2025\/09\/Galeria-6.jpg\",\"datePublished\":\"2025-09-07T20:05:54+00:00\",\"dateModified\":\"2025-09-08T21:08:47+00:00\",\"breadcrumb\":{\"@id\":\"https:\/\/www.tingeo.com\/en\/materials\/#breadcrumb\"},\"inLanguage\":\"en-US\",\"potentialAction\":[{\"@type\":\"ReadAction\",\"target\":[\"https:\/\/www.tingeo.com\/en\/materials\/\"]}]},{\"@type\":\"ImageObject\",\"inLanguage\":\"en-US\",\"@id\":\"https:\/\/www.tingeo.com\/en\/materials\/#primaryimage\",\"url\":\"https:\/\/www.tingeo.com\/wp-content\/uploads\/2025\/09\/Galeria-6.jpg\",\"contentUrl\":\"https:\/\/www.tingeo.com\/wp-content\/uploads\/2025\/09\/Galeria-6.jpg\",\"width\":1024,\"height\":683},{\"@type\":\"BreadcrumbList\",\"@id\":\"https:\/\/www.tingeo.com\/en\/materials\/#breadcrumb\",\"itemListElement\":[{\"@type\":\"ListItem\",\"position\":1,\"name\":\"Portada\",\"item\":\"https:\/\/www.tingeo.com\/en\/\"},{\"@type\":\"ListItem\",\"position\":2,\"name\":\"Materials\"}]},{\"@type\":\"WebSite\",\"@id\":\"https:\/\/www.tingeo.com\/en\/#website\",\"url\":\"https:\/\/www.tingeo.com\/en\/\",\"name\":\"Tingeo\",\"description\":\"T\u00e9cnicas de Instalaci\u00f3n y Geosint\u00e9ticos\",\"publisher\":{\"@id\":\"https:\/\/www.tingeo.com\/en\/#organization\"},\"potentialAction\":[{\"@type\":\"SearchAction\",\"target\":{\"@type\":\"EntryPoint\",\"urlTemplate\":\"https:\/\/www.tingeo.com\/en\/?s={search_term_string}\"},\"query-input\":{\"@type\":\"PropertyValueSpecification\",\"valueRequired\":true,\"valueName\":\"search_term_string\"}}],\"inLanguage\":\"en-US\"},{\"@type\":\"Organization\",\"@id\":\"https:\/\/www.tingeo.com\/en\/#organization\",\"name\":\"Tingeo\",\"url\":\"https:\/\/www.tingeo.com\/en\/\",\"logo\":{\"@type\":\"ImageObject\",\"inLanguage\":\"en-US\",\"@id\":\"https:\/\/www.tingeo.com\/en\/#\/schema\/logo\/image\/\",\"url\":\"https:\/\/www.tingeo.com\/wp-content\/uploads\/2025\/09\/logo_tingeo_big.png\",\"contentUrl\":\"https:\/\/www.tingeo.com\/wp-content\/uploads\/2025\/09\/logo_tingeo_big.png\",\"width\":1200,\"height\":900,\"caption\":\"Tingeo\"},\"image\":{\"@id\":\"https:\/\/www.tingeo.com\/en\/#\/schema\/logo\/image\/\"},\"sameAs\":[\"https:\/\/linkedin.com\/company\/tingeo?originalSubdomain=es\"]}]}<\/script>\n<!-- \/ Yoast SEO plugin. -->","yoast_head_json":{"title":"Materials - Tingeo","robots":{"index":"index","follow":"follow","max-snippet":"max-snippet:-1","max-image-preview":"max-image-preview:large","max-video-preview":"max-video-preview:-1"},"canonical":"https:\/\/www.tingeo.com\/en\/materials\/","og_locale":"en_US","og_type":"article","og_title":"Materials - Tingeo","og_description":"At TINGEO, we offer a wide range of next-generation geosynthetic materials, essential for building secure containment systems. From geomembranes to geotextiles and [&hellip;]","og_url":"https:\/\/www.tingeo.com\/en\/materials\/","og_site_name":"Tingeo","article_modified_time":"2025-09-08T21:08:47+00:00","og_image":[{"width":1024,"height":683,"url":"https:\/\/www.tingeo.com\/wp-content\/uploads\/2025\/09\/Galeria-6.jpg","type":"image\/jpeg"}],"twitter_card":"summary_large_image","twitter_misc":{"Est. reading time":"1 minute"},"schema":{"@context":"https:\/\/schema.org","@graph":[{"@type":"WebPage","@id":"https:\/\/www.tingeo.com\/en\/materials\/","url":"https:\/\/www.tingeo.com\/en\/materials\/","name":"Materials - Tingeo","isPartOf":{"@id":"https:\/\/www.tingeo.com\/en\/#website"},"primaryImageOfPage":{"@id":"https:\/\/www.tingeo.com\/en\/materials\/#primaryimage"},"image":{"@id":"https:\/\/www.tingeo.com\/en\/materials\/#primaryimage"},"thumbnailUrl":"https:\/\/www.tingeo.com\/wp-content\/uploads\/2025\/09\/Galeria-6.jpg","datePublished":"2025-09-07T20:05:54+00:00","dateModified":"2025-09-08T21:08:47+00:00","breadcrumb":{"@id":"https:\/\/www.tingeo.com\/en\/materials\/#breadcrumb"},"inLanguage":"en-US","potentialAction":[{"@type":"ReadAction","target":["https:\/\/www.tingeo.com\/en\/materials\/"]}]},{"@type":"ImageObject","inLanguage":"en-US","@id":"https:\/\/www.tingeo.com\/en\/materials\/#primaryimage","url":"https:\/\/www.tingeo.com\/wp-content\/uploads\/2025\/09\/Galeria-6.jpg","contentUrl":"https:\/\/www.tingeo.com\/wp-content\/uploads\/2025\/09\/Galeria-6.jpg","width":1024,"height":683},{"@type":"BreadcrumbList","@id":"https:\/\/www.tingeo.com\/en\/materials\/#breadcrumb","itemListElement":[{"@type":"ListItem","position":1,"name":"Portada","item":"https:\/\/www.tingeo.com\/en\/"},{"@type":"ListItem","position":2,"name":"Materials"}]},{"@type":"WebSite","@id":"https:\/\/www.tingeo.com\/en\/#website","url":"https:\/\/www.tingeo.com\/en\/","name":"Tingeo","description":"T\u00e9cnicas de Instalaci\u00f3n y Geosint\u00e9ticos","publisher":{"@id":"https:\/\/www.tingeo.com\/en\/#organization"},"potentialAction":[{"@type":"SearchAction","target":{"@type":"EntryPoint","urlTemplate":"https:\/\/www.tingeo.com\/en\/?s={search_term_string}"},"query-input":{"@type":"PropertyValueSpecification","valueRequired":true,"valueName":"search_term_string"}}],"inLanguage":"en-US"},{"@type":"Organization","@id":"https:\/\/www.tingeo.com\/en\/#organization","name":"Tingeo","url":"https:\/\/www.tingeo.com\/en\/","logo":{"@type":"ImageObject","inLanguage":"en-US","@id":"https:\/\/www.tingeo.com\/en\/#\/schema\/logo\/image\/","url":"https:\/\/www.tingeo.com\/wp-content\/uploads\/2025\/09\/logo_tingeo_big.png","contentUrl":"https:\/\/www.tingeo.com\/wp-content\/uploads\/2025\/09\/logo_tingeo_big.png","width":1200,"height":900,"caption":"Tingeo"},"image":{"@id":"https:\/\/www.tingeo.com\/en\/#\/schema\/logo\/image\/"},"sameAs":["https:\/\/linkedin.com\/company\/tingeo?originalSubdomain=es"]}]}},"_links":{"self":[{"href":"https:\/\/www.tingeo.com\/en\/wp-json\/wp\/v2\/pages\/3794","targetHints":{"allow":["GET"]}}],"collection":[{"href":"https:\/\/www.tingeo.com\/en\/wp-json\/wp\/v2\/pages"}],"about":[{"href":"https:\/\/www.tingeo.com\/en\/wp-json\/wp\/v2\/types\/page"}],"author":[{"embeddable":true,"href":"https:\/\/www.tingeo.com\/en\/wp-json\/wp\/v2\/users\/9"}],"replies":[{"embeddable":true,"href":"https:\/\/www.tingeo.com\/en\/wp-json\/wp\/v2\/comments?post=3794"}],"version-history":[{"count":0,"href":"https:\/\/www.tingeo.com\/en\/wp-json\/wp\/v2\/pages\/3794\/revisions"}],"wp:featuredmedia":[{"embeddable":true,"href":"https:\/\/www.tingeo.com\/en\/wp-json\/wp\/v2\/media\/3409"}],"wp:attachment":[{"href":"https:\/\/www.tingeo.com\/en\/wp-json\/wp\/v2\/media?parent=3794"}],"curies":[{"name":"wp","href":"https:\/\/api.w.org\/{rel}","templated":true}]}}